{"id":2,"date":"2016-04-27T03:35:31","date_gmt":"2016-04-27T03:35:31","guid":{"rendered":"http:\/\/wp451m.a10-52-158-154.qa.plesk.ru\/wordpress\/?page_id=2"},"modified":"2025-06-17T08:03:17","modified_gmt":"2025-06-17T08:03:17","slug":"sample-page","status":"publish","type":"page","link":"https:\/\/innocategolf.fi\/","title":{"rendered":"Innocate Golfkilpailu"},"content":{"rendered":"<div class=\"page\" title=\"Page 1\">\n<div class=\"layoutArea\">\n<div class=\"column\">\n<p><strong>Innocate Golf kutsukilpailu 2025, Perjantaina 15.8.2025, klo 7.30- Porvoo Golf<\/strong><\/p>\n<div class=\"page\" title=\"Page 1\">\n<div class=\"layoutArea\">\n<div class=\"column\">\n<p>klo 07.30 \u00a0 \u00a0 \u00a0 \u00a0 \u00a0 \u00a0\u00a0 Tervetulokahvit, sek\u00e4 range-, chippi- ja puttitreeni\u00e4 ennen kierrosta<br \/>\nklo 08.30\u00a0\u00a0\u00a0\u00a0\u00a0\u00a0\u00a0\u00a0\u00a0\u00a0\u00a0\u00a0\u00a0 Kisainfo ja sponsoreiden esittely<br \/>\n<strong>klo 09.00 \u00a0 \u00a0 \u00a0 \u00a0 \u00a0 \u00a0 \u00a0Yhteisl\u00e4ht\u00f6<\/strong><br \/>\nklo 13.30 \u00a0 \u00a0 \u00a0 \u00a0 \u00a0 \u00a0 \u00a0Ruokailu+ palkintojen jako ja sauna<\/p>\n<\/div>\n<\/div>\n<div class=\"layoutArea\">\n<div class=\"column\">\n<p><strong>Kilpailukierros<\/strong><br \/>\nKilpailukierros on yhten\u00e4inen 18 reik\u00e4\u00e4, ilman taukoja. L\u00e4hd\u00f6t suoritetaan yhteisl\u00e4ht\u00f6n\u00e4 kaikilta tiiauspaikoilta.<br \/>\nMiehet pelaa keltaisilta ja naiset punaisilta.<\/p>\n<p><strong>Kilpailumuoto<br \/>\n<\/strong>Kilpailumuotona t\u00e4n\u00e4kin vuonna Shamble. Lis\u00e4ksi erikoiskilpailut.<\/p>\n<p>&#8221;Shamble&#8221; on er\u00e4\u00e4nlainen golf-turnausmuoto, jossa ryhm\u00e4 valitsee parhaiten asemoituneen avausly\u00f6nnin pallon omasta ryhm\u00e4st\u00e4 ja kaikki pelaajat jatkavat peli\u00e4 valitun pallon paikalta normaalisti pelaten oman pallonsa reik\u00e4\u00e4n. Shamble on sekoitus Scramblea ja normaali ly\u00f6ntipeli\u00e4.<\/p>\n<p><strong>S\u00e4\u00e4nn\u00f6t<br \/>\n<\/strong>Kaikissa kilpailuissa, rennoissakin, tulee olla s\u00e4\u00e4nn\u00f6t. Kilpailuissa noudatetaan Suomen Golfliiton pysyvi\u00e4 ja Porvoon Golfin paikalliss\u00e4\u00e4nt\u00f6j\u00e4. Pilkkua ei tietenk\u00e4\u00e4n viilata, mutta pelin tulee olla reilua ja tasapuolista.<strong><br \/>\n<\/strong><\/p>\n<p><strong>Palkinnot<br \/>\n<\/strong>Kilpailussa on tuttuun tapaan upeita palkintoja voittajille sek\u00e4 arvottavia palkintoja kaikkien osallistujien kesken.<\/p>\n<p><strong>Ilmoittautuminen<br \/>\n<\/strong>Sitovat ilmoittautumiset viimeist\u00e4\u00e4n 1.8.2025 menness\u00e4 oheisella weblomakkeella. Ilmoittaudu heti, sill\u00e4 paikkoja on rajoitetusti ja paikat t\u00e4ytet\u00e4\u00e4n ilmoittautumisj\u00e4rjestyksess\u00e4.<\/p>\n<\/div>\n<\/div>\n<\/div>\n<\/div>\n<\/div>\n<\/div>\n<p><!--more--><\/p>\n","protected":false},"excerpt":{"rendered":"<p>Innocate Golf kutsukilpailu 2025, Perjantaina 15.8.2025, klo 7.30- Porvoo Golf klo 07.30 \u00a0 \u00a0 \u00a0 \u00a0 \u00a0 \u00a0\u00a0 Tervetulokahvit, sek\u00e4 range-, chippi- ja puttitreeni\u00e4 ennen kierrosta klo 08.30\u00a0\u00a0\u00a0\u00a0\u00a0\u00a0\u00a0\u00a0\u00a0\u00a0\u00a0\u00a0\u00a0 Kisainfo ja sponsoreiden esittely klo 09.00 \u00a0 \u00a0 \u00a0 \u00a0 \u00a0 \u00a0 \u00a0Yhteisl\u00e4ht\u00f6 klo 13.30 \u00a0 \u00a0 \u00a0 \u00a0 \u00a0 \u00a0 \u00a0Ruokailu+ palkintojen jako ja sauna Kilpailukierros [&hellip;]<\/p>\n","protected":false},"author":1,"featured_media":0,"parent":0,"menu_order":0,"comment_status":"closed","ping_status":"open","template":"","meta":{"footnotes":""},"class_list":["post-2","page","type-page","status-publish","hentry"],"_links":{"self":[{"href":"https:\/\/innocategolf.fi\/index.php?rest_route=\/wp\/v2\/pages\/2","targetHints":{"allow":["GET"]}}],"collection":[{"href":"https:\/\/innocategolf.fi\/index.php?rest_route=\/wp\/v2\/pages"}],"about":[{"href":"https:\/\/innocategolf.fi\/index.php?rest_route=\/wp\/v2\/types\/page"}],"author":[{"embeddable":true,"href":"https:\/\/innocategolf.fi\/index.php?rest_route=\/wp\/v2\/users\/1"}],"replies":[{"embeddable":true,"href":"https:\/\/innocategolf.fi\/index.php?rest_route=%2Fwp%2Fv2%2Fcomments&post=2"}],"version-history":[{"count":41,"href":"https:\/\/innocategolf.fi\/index.php?rest_route=\/wp\/v2\/pages\/2\/revisions"}],"predecessor-version":[{"id":225,"href":"https:\/\/innocategolf.fi\/index.php?rest_route=\/wp\/v2\/pages\/2\/revisions\/225"}],"wp:attachment":[{"href":"https:\/\/innocategolf.fi\/index.php?rest_route=%2Fwp%2Fv2%2Fmedia&parent=2"}],"curies":[{"name":"wp","href":"https:\/\/api.w.org\/{rel}","templated":true}]}}